{"id":14596,"date":"2025-12-05T13:52:19","date_gmt":"2025-12-05T13:52:19","guid":{"rendered":"https:\/\/awc.si\/?page_id=14596"},"modified":"2026-01-22T19:09:24","modified_gmt":"2026-01-22T19:09:24","slug":"awc-home","status":"publish","type":"page","link":"https:\/\/awc.si\/","title":{"rendered":"AWC domaca stran"},"content":{"rendered":"\t\t<div data-elementor-type=\"wp-page\" data-elementor-id=\"14596\" class=\"elementor elementor-14596\">\n\t\t\t\t<div class=\"elementor-element elementor-element-2bfda26 e-con-full e-flex parallax_section_no qode_elementor_container_no e-con e-parent\" data-id=\"2bfda26\" data-element_type=\"container\" data-e-type=\"container\">\n\t\t<div class=\"elementor-element elementor-element-9c1d256 e-con-full e-flex parallax_section_no qode_elementor_container_no e-con e-child\" data-id=\"9c1d256\" data-element_type=\"container\" data-e-type=\"container\">\n\t\t<div class=\"elementor-element elementor-element-10a6f64 e-con-full e-flex parallax_section_no qode_elementor_container_no e-con e-child\" data-id=\"10a6f64\" data-element_type=\"container\" data-e-type=\"container\">\n\t\t\t\t<div class=\"elementor-element elementor-element-4d81778 elementor-widget elementor-widget-text-editor\" data-id=\"4d81778\" data-element_type=\"widget\" data-e-type=\"widget\" data-widget_type=\"text-editor.default\">\n\t\t\t\t<div class=\"elementor-widget-container\">\n\t\t\t\t\t\t\t\t\t<h4 style=\"text-align: center;\">Dobrodo\u0161li v na\u0161i AWC skupnosti.<\/h4><h2 style=\"text-align: center;\">Empowering Women, One Ride at a Time.<\/h2>\t\t\t\t\t\t\t\t<\/div>\n\t\t\t\t<\/div>\n\t\t\t\t<\/div>\n\t\t\t\t<\/div>\n\t\t<div class=\"elementor-element elementor-element-cf20cef e-con-full e-flex parallax_section_no qode_elementor_container_no e-con e-child\" data-id=\"cf20cef\" data-element_type=\"container\" data-e-type=\"container\" data-settings=\"{&quot;background_background&quot;:&quot;classic&quot;}\">\n\t\t\t\t<\/div>\n\t\t\t\t<\/div>\n\t\t<div class=\"elementor-element elementor-element-6a8caa2 e-flex e-con-boxed parallax_section_no qode_elementor_container_no e-con e-parent\" data-id=\"6a8caa2\" data-element_type=\"container\" data-e-type=\"container\">\n\t\t\t\t\t<div class=\"e-con-inner\">\n\t\t\t\t<div class=\"elementor-element elementor-element-3e22981 elementor-widget elementor-widget-heading\" data-id=\"3e22981\" data-element_type=\"widget\" data-e-type=\"widget\" data-widget_type=\"heading.default\">\n\t\t\t\t<div class=\"elementor-widget-container\">\n\t\t\t\t\t<h4 class=\"elementor-heading-title elementor-size-default\">O nas<\/h4>\t\t\t\t<\/div>\n\t\t\t\t<\/div>\n\t\t\t\t\t<\/div>\n\t\t\t\t<\/div>\n\t\t<div class=\"elementor-element elementor-element-c2d9b12 e-grid e-con-boxed parallax_section_no qode_elementor_container_no e-con e-parent\" data-id=\"c2d9b12\" data-element_type=\"container\" data-e-type=\"container\">\n\t\t\t\t\t<div class=\"e-con-inner\">\n\t\t\t\t<div class=\"elementor-element elementor-element-bc4c828 elementor-widget elementor-widget-text-editor\" data-id=\"bc4c828\" data-element_type=\"widget\" data-e-type=\"widget\" data-widget_type=\"text-editor.default\">\n\t\t\t\t<div class=\"elementor-widget-container\">\n\t\t\t\t\t\t\t\t\t<p>Verjamemo v pristno kolesarjenje. Za\u010dne se v trenutku, ko se odlo\u010di\u0161 biti to, kar si. Smo Authentic Women Cycling.<\/p><p>\u00a0<\/p><p>\u017delimo spodbuditi \u017eenske, da kolesarjenje do\u017eivijo kot na\u010din, kako okrepiti telo in glavo ter se ob tem povezati z drugimi.<\/p>\t\t\t\t\t\t\t\t<\/div>\n\t\t\t\t<\/div>\n\t\t\t\t<div class=\"elementor-element elementor-element-84c46d9 elementor-widget elementor-widget-text-editor\" data-id=\"84c46d9\" data-element_type=\"widget\" data-e-type=\"widget\" data-widget_type=\"text-editor.default\">\n\t\t\t\t<div class=\"elementor-widget-container\">\n\t\t\t\t\t\t\t\t\t<p>Smo skupnost \u017eensk, ki se skozi kolesarjenje podpiramo in rastemo. Vsaka vo\u017enja je prilo\u017enost, da naredimo nekaj zase in ena za drugo.<\/p><p style=\"background-color: #fffdf7;\">\u00a0<\/p>\t\t\t\t\t\t\t\t<\/div>\n\t\t\t\t<\/div>\n\t\t\t\t\t<\/div>\n\t\t\t\t<\/div>\n\t\t<div class=\"elementor-element elementor-element-3a28996 e-grid e-con-boxed parallax_section_no qode_elementor_container_no e-con e-parent\" data-id=\"3a28996\" data-element_type=\"container\" data-e-type=\"container\">\n\t\t\t\t\t<div class=\"e-con-inner\">\n\t\t\t\t<div class=\"elementor-element elementor-element-4c04ab2 elementor-widget elementor-widget-image\" data-id=\"4c04ab2\" data-element_type=\"widget\" data-e-type=\"widget\" data-widget_type=\"image.default\">\n\t\t\t\t<div class=\"elementor-widget-container\">\n\t\t\t\t\t\t\t\t\t\t\t\t\t\t\t<img fetchpriority=\"high\" decoding=\"async\" width=\"768\" height=\"1024\" src=\"https:\/\/awc.si\/wp-content\/uploads\/2025\/12\/IMG_2963-768x1024.jpg\" class=\"attachment-large size-large wp-image-14652\" alt=\"\" srcset=\"https:\/\/awc.si\/wp-content\/uploads\/2025\/12\/IMG_2963-768x1024.jpg 768w, https:\/\/awc.si\/wp-content\/uploads\/2025\/12\/IMG_2963-225x300.jpg 225w, https:\/\/awc.si\/wp-content\/uploads\/2025\/12\/IMG_2963-1152x1536.jpg 1152w, https:\/\/awc.si\/wp-content\/uploads\/2025\/12\/IMG_2963-1536x2048.jpg 1536w, https:\/\/awc.si\/wp-content\/uploads\/2025\/12\/IMG_2963-600x800.jpg 600w, https:\/\/awc.si\/wp-content\/uploads\/2025\/12\/IMG_2963-700x933.jpg 700w, https:\/\/awc.si\/wp-content\/uploads\/2025\/12\/IMG_2963-scaled.jpg 1920w\" sizes=\"(max-width: 768px) 100vw, 768px\" \/>\t\t\t\t\t\t\t\t\t\t\t\t\t\t\t<\/div>\n\t\t\t\t<\/div>\n\t\t\t\t<div class=\"elementor-element elementor-element-8179317 elementor-widget elementor-widget-image\" data-id=\"8179317\" data-element_type=\"widget\" data-e-type=\"widget\" data-widget_type=\"image.default\">\n\t\t\t\t<div class=\"elementor-widget-container\">\n\t\t\t\t\t\t\t\t\t\t\t\t\t\t\t<img decoding=\"async\" width=\"495\" height=\"640\" src=\"https:\/\/awc.si\/wp-content\/uploads\/2026\/01\/kolo-awc-55_VSCO-1.jpg\" class=\"attachment-large size-large wp-image-14749\" alt=\"\" srcset=\"https:\/\/awc.si\/wp-content\/uploads\/2026\/01\/kolo-awc-55_VSCO-1.jpg 495w, https:\/\/awc.si\/wp-content\/uploads\/2026\/01\/kolo-awc-55_VSCO-1-232x300.jpg 232w\" sizes=\"(max-width: 495px) 100vw, 495px\" \/>\t\t\t\t\t\t\t\t\t\t\t\t\t\t\t<\/div>\n\t\t\t\t<\/div>\n\t\t\t\t<div class=\"elementor-element elementor-element-cfb17d8 elementor-widget elementor-widget-image\" data-id=\"cfb17d8\" data-element_type=\"widget\" data-e-type=\"widget\" data-widget_type=\"image.default\">\n\t\t\t\t<div class=\"elementor-widget-container\">\n\t\t\t\t\t\t\t\t\t\t\t\t\t\t\t<img decoding=\"async\" width=\"768\" height=\"1024\" src=\"https:\/\/awc.si\/wp-content\/uploads\/2026\/01\/IMG_2949-768x1024.jpeg\" class=\"attachment-large size-large wp-image-14750\" alt=\"\" srcset=\"https:\/\/awc.si\/wp-content\/uploads\/2026\/01\/IMG_2949-768x1024.jpeg 768w, https:\/\/awc.si\/wp-content\/uploads\/2026\/01\/IMG_2949-225x300.jpeg 225w, https:\/\/awc.si\/wp-content\/uploads\/2026\/01\/IMG_2949-1152x1536.jpeg 1152w, https:\/\/awc.si\/wp-content\/uploads\/2026\/01\/IMG_2949-600x800.jpeg 600w, https:\/\/awc.si\/wp-content\/uploads\/2026\/01\/IMG_2949-700x933.jpeg 700w, https:\/\/awc.si\/wp-content\/uploads\/2026\/01\/IMG_2949.jpeg 1512w\" sizes=\"(max-width: 768px) 100vw, 768px\" \/>\t\t\t\t\t\t\t\t\t\t\t\t\t\t\t<\/div>\n\t\t\t\t<\/div>\n\t\t\t\t\t<\/div>\n\t\t\t\t<\/div>\n\t\t<div class=\"elementor-element elementor-element-b804c49 e-flex e-con-boxed parallax_section_no qode_elementor_container_no e-con e-parent\" data-id=\"b804c49\" data-element_type=\"container\" data-e-type=\"container\">\n\t\t\t\t\t<div class=\"e-con-inner\">\n\t\t\t\t<div class=\"elementor-element elementor-element-1b1be9e elementor-widget__width-initial elementor-widget elementor-widget-image\" data-id=\"1b1be9e\" data-element_type=\"widget\" data-e-type=\"widget\" data-widget_type=\"image.default\">\n\t\t\t\t<div class=\"elementor-widget-container\">\n\t\t\t\t\t\t\t\t\t\t\t\t\t\t\t<img loading=\"lazy\" decoding=\"async\" width=\"400\" height=\"128\" src=\"https:\/\/awc.si\/wp-content\/uploads\/2025\/12\/awc-logo.png\" class=\"attachment-large size-large wp-image-14621\" alt=\"AWC logo\" srcset=\"https:\/\/awc.si\/wp-content\/uploads\/2025\/12\/awc-logo.png 400w, https:\/\/awc.si\/wp-content\/uploads\/2025\/12\/awc-logo-300x96.png 300w\" sizes=\"(max-width: 400px) 100vw, 400px\" \/>\t\t\t\t\t\t\t\t\t\t\t\t\t\t\t<\/div>\n\t\t\t\t<\/div>\n\t\t\t\t\t<\/div>\n\t\t\t\t<\/div>\n\t\t<div class=\"elementor-element elementor-element-7c483d0 e-flex e-con-boxed parallax_section_no qode_elementor_container_no e-con e-parent\" data-id=\"7c483d0\" data-element_type=\"container\" data-e-type=\"container\">\n\t\t\t\t\t<div class=\"e-con-inner\">\n\t\t\t\t<div class=\"elementor-element elementor-element-28312b8 elementor-widget elementor-widget-heading\" data-id=\"28312b8\" data-element_type=\"widget\" data-e-type=\"widget\" data-widget_type=\"heading.default\">\n\t\t\t\t<div class=\"elementor-widget-container\">\n\t\t\t\t\t<h4 class=\"elementor-heading-title elementor-size-default\">Kaj po\u010dnemo<\/h4>\t\t\t\t<\/div>\n\t\t\t\t<\/div>\n\t\t\t\t\t<\/div>\n\t\t\t\t<\/div>\n\t\t<div class=\"elementor-element elementor-element-4e5f3f5 e-grid e-con-boxed parallax_section_no qode_elementor_container_no e-con e-parent\" data-id=\"4e5f3f5\" data-element_type=\"container\" data-e-type=\"container\">\n\t\t\t\t\t<div class=\"e-con-inner\">\n\t\t\t\t<div class=\"elementor-element elementor-element-562adb9 elementor-widget elementor-widget-text-editor\" data-id=\"562adb9\" data-element_type=\"widget\" data-e-type=\"widget\" data-widget_type=\"text-editor.default\">\n\t\t\t\t<div class=\"elementor-widget-container\">\n\t\t\t\t\t\t\t\t\t<p>V AWC dizajniramo custom drese in kolesarske dodatke, da lahko kolesarimo samozavestno in stilsko.<\/p>\t\t\t\t\t\t\t\t<\/div>\n\t\t\t\t<\/div>\n\t\t\t\t<div class=\"elementor-element elementor-element-fadf676 elementor-widget elementor-widget-text-editor\" data-id=\"fadf676\" data-element_type=\"widget\" data-e-type=\"widget\" data-widget_type=\"text-editor.default\">\n\t\t\t\t<div class=\"elementor-widget-container\">\n\t\t\t\t\t\t\t\t\t<p>Organiziramo skupinske vo\u017enje, kjer se \u017eenske dobimo, u\u017eivamo v kolesarjenju in spoznavamo druge, ki imajo podobne interese.<\/p>\t\t\t\t\t\t\t\t<\/div>\n\t\t\t\t<\/div>\n\t\t\t\t<div class=\"elementor-element elementor-element-c00a76c elementor-widget elementor-widget-text-editor\" data-id=\"c00a76c\" data-element_type=\"widget\" data-e-type=\"widget\" data-widget_type=\"text-editor.default\">\n\t\t\t\t<div class=\"elementor-widget-container\">\n\t\t\t\t\t\t\t\t\t<p>Enkrat mese\u010dno ob vikendih organiziramo rajd-e v razli\u010dnih slikovitih koti\u010dkih Slovenije.<\/p>\t\t\t\t\t\t\t\t<\/div>\n\t\t\t\t<\/div>\n\t\t\t\t\t<\/div>\n\t\t\t\t<\/div>\n\t\t<div class=\"elementor-element elementor-element-1328430 e-flex e-con-boxed parallax_section_no qode_elementor_container_no e-con e-parent\" data-id=\"1328430\" data-element_type=\"container\" data-e-type=\"container\">\n\t\t\t\t\t<div class=\"e-con-inner\">\n\t\t\t\t<div class=\"elementor-element elementor-element-7a3ac99 elementor-widget elementor-widget-video\" data-id=\"7a3ac99\" data-element_type=\"widget\" data-e-type=\"widget\" data-settings=\"{&quot;video_type&quot;:&quot;hosted&quot;,&quot;mute&quot;:&quot;yes&quot;,&quot;controls&quot;:&quot;yes&quot;}\" data-widget_type=\"video.default\">\n\t\t\t\t<div class=\"elementor-widget-container\">\n\t\t\t\t\t\t\t<div class=\"e-hosted-video elementor-wrapper elementor-open-inline\">\n\t\t\t\t\t<video class=\"elementor-video\" src=\"https:\/\/awc.si\/wp-content\/uploads\/2025\/12\/AWC-ISTRA-LEZECE.mp4\" controls=\"\" preload=\"metadata\" muted=\"muted\" controlsList=\"nodownload\"><\/video>\n\t\t\t\t<\/div>\n\t\t\t\t\t\t<\/div>\n\t\t\t\t<\/div>\n\t\t\t\t\t<\/div>\n\t\t\t\t<\/div>\n\t\t<div class=\"elementor-element elementor-element-c061566 e-grid e-con-boxed parallax_section_no qode_elementor_container_no e-con e-parent\" data-id=\"c061566\" data-element_type=\"container\" data-e-type=\"container\">\n\t\t\t\t\t<div class=\"e-con-inner\">\n\t\t\t\t<div class=\"elementor-element elementor-element-ba6eb27 elementor-widget elementor-widget-text-editor\" data-id=\"ba6eb27\" data-element_type=\"widget\" data-e-type=\"widget\" data-widget_type=\"text-editor.default\">\n\t\t\t\t<div class=\"elementor-widget-container\">\n\t\t\t\t\t\t\t\t\t<p>Enkrat letno organiziramo vikend kolesarski oddih.<\/p><p>\u00a0<\/p><p>Organiziramo tudi razli\u010dne delavnice, da ohranimo skupnost aktivno skozi vse leto.<\/p>\t\t\t\t\t\t\t\t<\/div>\n\t\t\t\t<\/div>\n\t\t\t\t<div class=\"elementor-element elementor-element-fcdda70 elementor-widget elementor-widget-text-editor\" data-id=\"fcdda70\" data-element_type=\"widget\" data-e-type=\"widget\" data-widget_type=\"text-editor.default\">\n\t\t\t\t<div class=\"elementor-widget-container\">\n\t\t\t\t\t\t\t\t\t<p>Med zimskimi meseci se nam lahko pridu\u017eite na Zwift treningih ter virtualnih TTT dirkah.<\/p><p style=\"background-color: #fffdf7;\">\u00a0<\/p>\t\t\t\t\t\t\t\t<\/div>\n\t\t\t\t<\/div>\n\t\t\t\t\t<\/div>\n\t\t\t\t<\/div>\n\t\t<div class=\"elementor-element elementor-element-f263639 e-con-full e-flex parallax_section_no qode_elementor_container_no e-con e-parent\" data-id=\"f263639\" data-element_type=\"container\" data-e-type=\"container\" data-settings=\"{&quot;background_background&quot;:&quot;classic&quot;}\">\n\t\t<div class=\"elementor-element elementor-element-7cc8f0f e-con-full e-flex parallax_section_no qode_elementor_container_no e-con e-child\" data-id=\"7cc8f0f\" data-element_type=\"container\" data-e-type=\"container\">\n\t\t\t\t<div class=\"elementor-element elementor-element-efae740 elementor-widget-mobile__width-initial elementor-widget elementor-widget-bridge_custom_font\" data-id=\"efae740\" data-element_type=\"widget\" data-e-type=\"widget\" data-widget_type=\"bridge_custom_font.default\">\n\t\t\t\t<div class=\"elementor-widget-container\">\n\t\t\t\t\t<div class=\"custom_font_holder \" style=\"font-family: Syne; font-style: normal; font-weight: 500; color: #000000; text-decoration: none; text-align: center; --qode-cf-font-size: 268px; --qode-cf-line-height: 268px; --qode-cf-font-size-1440: 268px; --qode-cf-line-height-1440: 268px; --qode-cf-font-size-1366: 268px; --qode-cf-line-height-1366: 268px; --qode-cf-font-size-1280: 268px; --qode-cf-line-height-1280: 268px; --qode-cf-font-size-1024: 268px; --qode-cf-line-height-1024: 268px; --qode-cf-font-size-768: 268px; --qode-cf-line-height-768: 268px; --qode-cf-font-size-680: 268px; --qode-cf-line-height-680: 268px; --qode-cf-font-size-480: 268px; --qode-cf-line-height-480: 268px;\">U<\/div>\t\t\t\t<\/div>\n\t\t\t\t<\/div>\n\t\t\t\t<\/div>\n\t\t<div class=\"elementor-element elementor-element-e13f021 e-con-full e-flex parallax_section_no qode_elementor_container_no e-con e-child\" data-id=\"e13f021\" data-element_type=\"container\" data-e-type=\"container\">\n\t\t\t\t<div class=\"elementor-element elementor-element-6ebfcaf elementor-widget elementor-widget-image\" data-id=\"6ebfcaf\" data-element_type=\"widget\" data-e-type=\"widget\" data-widget_type=\"image.default\">\n\t\t\t\t<div class=\"elementor-widget-container\">\n\t\t\t\t\t\t\t\t\t\t\t\t\t\t\t<img loading=\"lazy\" decoding=\"async\" width=\"1024\" height=\"683\" src=\"https:\/\/awc.si\/wp-content\/uploads\/2026\/01\/AWC-ISTRA-OKTOBER-2025-77-1024x683.jpg\" class=\"attachment-large size-large wp-image-14735\" alt=\"\" srcset=\"https:\/\/awc.si\/wp-content\/uploads\/2026\/01\/AWC-ISTRA-OKTOBER-2025-77-1024x683.jpg 1024w, https:\/\/awc.si\/wp-content\/uploads\/2026\/01\/AWC-ISTRA-OKTOBER-2025-77-300x200.jpg 300w, https:\/\/awc.si\/wp-content\/uploads\/2026\/01\/AWC-ISTRA-OKTOBER-2025-77-768x512.jpg 768w, https:\/\/awc.si\/wp-content\/uploads\/2026\/01\/AWC-ISTRA-OKTOBER-2025-77-1536x1024.jpg 1536w, https:\/\/awc.si\/wp-content\/uploads\/2026\/01\/AWC-ISTRA-OKTOBER-2025-77-700x467.jpg 700w, https:\/\/awc.si\/wp-content\/uploads\/2026\/01\/AWC-ISTRA-OKTOBER-2025-77.jpg 1920w\" sizes=\"(max-width: 1024px) 100vw, 1024px\" \/>\t\t\t\t\t\t\t\t\t\t\t\t\t\t\t<\/div>\n\t\t\t\t<\/div>\n\t\t\t\t<\/div>\n\t\t\t\t<div class=\"elementor-element elementor-element-28ecddb elementor-widget__width-initial elementor-widget-mobile__width-initial elementor-widget elementor-widget-bridge_custom_font\" data-id=\"28ecddb\" data-element_type=\"widget\" data-e-type=\"widget\" data-widget_type=\"bridge_custom_font.default\">\n\t\t\t\t<div class=\"elementor-widget-container\">\n\t\t\t\t\t<div class=\"custom_font_holder \" style=\"font-family: Syne; font-style: normal; font-weight: 500; color: #000000; text-decoration: none; text-align: center; --qode-cf-font-size: 268px; --qode-cf-line-height: 268px; --qode-cf-font-size-1440: 268px; --qode-cf-line-height-1440: 268px; --qode-cf-font-size-1366: 268px; --qode-cf-line-height-1366: 268px; --qode-cf-font-size-1280: 268px; --qode-cf-line-height-1280: 268px; --qode-cf-font-size-1024: 268px; --qode-cf-line-height-1024: 268px; --qode-cf-font-size-768: 268px; --qode-cf-line-height-768: 268px; --qode-cf-font-size-680: 268px; --qode-cf-line-height-680: 268px; --qode-cf-font-size-480: 268px; --qode-cf-line-height-480: 268px;\">S<\/div>\t\t\t\t<\/div>\n\t\t\t\t<\/div>\n\t\t\t\t<\/div>\n\t\t\t\t<\/div>\n\t\t","protected":false},"excerpt":{"rendered":"<p>Dobrodo\u0161li v na\u0161i AWC skupnosti. Empowering Women, One Ride at a Time. O nas Verjamemo v pristno kolesarjenje. Za\u010dne se v trenutku, ko se odlo\u010di\u0161 biti to, kar si. Smo Authentic Women Cycling. \u00a0 \u017delimo spodbuditi \u017eenske, da kolesarjenje do\u017eivijo kot na\u010din, kako okrepiti telo&#8230;<\/p>\n","protected":false},"author":2,"featured_media":0,"parent":0,"menu_order":0,"comment_status":"closed","ping_status":"closed","template":"","meta":{"content-type":"","footnotes":""},"class_list":["post-14596","page","type-page","status-publish","hentry"],"_links":{"self":[{"href":"https:\/\/awc.si\/index.php\/wp-json\/wp\/v2\/pages\/14596","targetHints":{"allow":["GET"]}}],"collection":[{"href":"https:\/\/awc.si\/index.php\/wp-json\/wp\/v2\/pages"}],"about":[{"href":"https:\/\/awc.si\/index.php\/wp-json\/wp\/v2\/types\/page"}],"author":[{"embeddable":true,"href":"https:\/\/awc.si\/index.php\/wp-json\/wp\/v2\/users\/2"}],"replies":[{"embeddable":true,"href":"https:\/\/awc.si\/index.php\/wp-json\/wp\/v2\/comments?post=14596"}],"version-history":[{"count":111,"href":"https:\/\/awc.si\/index.php\/wp-json\/wp\/v2\/pages\/14596\/revisions"}],"predecessor-version":[{"id":14756,"href":"https:\/\/awc.si\/index.php\/wp-json\/wp\/v2\/pages\/14596\/revisions\/14756"}],"wp:attachment":[{"href":"https:\/\/awc.si\/index.php\/wp-json\/wp\/v2\/media?parent=14596"}],"curies":[{"name":"wp","href":"https:\/\/api.w.org\/{rel}","templated":true}]}}